{"id":44,"date":"2015-05-01T22:13:06","date_gmt":"2015-05-01T22:13:06","guid":{"rendered":"http:\/\/hogarnomadelfia.com.ar\/sitio\/?page_id=44"},"modified":"2015-07-09T00:45:10","modified_gmt":"2015-07-09T00:45:10","slug":"proyectos","status":"publish","type":"page","link":"http:\/\/hogarnomadelfia.com.ar\/sitio\/proyectos\/","title":{"rendered":"Proyectos"},"content":{"rendered":"<p>Presentamos a continuaci\u00f3n los proyectos del Hogar:<\/p>\n<ul>\n<li style=\"text-align: justify;\">Cierre perimetral: \u00a0El hogar tiene el cierre perimetral en tejido de alambre, por cuestiones de seguridad e intimidad se est\u00e1 planificando el cierre realizando el cerco de placas de hormig\u00f3n.<\/li>\n<li style=\"text-align: justify;\">Reparaci\u00f3n techos donde existen filtraciones.<\/li>\n<li style=\"text-align: justify;\">Reemplazo termotanque de cocina<\/li>\n<li style=\"text-align: justify;\">Reparaci\u00f3n ba\u00f1os<\/li>\n<li style=\"text-align: justify;\">Recientemente, gracias a la colaboraci\u00f3n de un grupo de familias del B\u00b0 Fincas de Iraola se realiz\u00f3 el cierre total de la galer\u00eda y se colocaron rejas de seguridad en las ventas y puertas de la misma.<\/li>\n<\/ul>\n<p style=\"text-align: center;\"><a href=\"http:\/\/hogarnomadelfia.com.ar\/donaciones\/\"><input style=\"color: #ffffff;\" tabindex=\"0\" type=\"button\" value=\"Quiero colaborar\" \/><\/a><\/p>\n<p style=\"text-align: justify;\">Existe un proyecto de <em>reforma integral del edificio<\/em> del hogar a fin de hacerlo m\u00e1s funcional y con mayores prestaciones para los ni\u00f1os que habitan en \u00e9l. Este proyecto es una importante colaboraci\u00f3n del Colegio Polit\u00e9cnico de Berazategui y anhelo de la Direcci\u00f3n del hogar.<\/p>\n<p style=\"text-align: center;\"><strong>Im\u00e1genes virtuales del Proyecto de Reforma Integral del Edificio<\/strong><\/p>\n\n\t\t<style type=\"text\/css\">\n\t\t\t#gallery-1 {\n\t\t\t\tmargin: auto;\n\t\t\t}\n\t\t\t#gallery-1 .gallery-item {\n\t\t\t\tfloat: left;\n\t\t\t\tmargin-top: 10px;\n\t\t\t\ttext-align: center;\n\t\t\t\twidth: 25%;\n\t\t\t}\n\t\t\t#gallery-1 img {\n\t\t\t\tborder: 2px solid #cfcfcf;\n\t\t\t}\n\t\t\t#gallery-1 .gallery-caption {\n\t\t\t\tmargin-left: 0;\n\t\t\t}\n\t\t\t\/* see gallery_shortcode() in wp-includes\/media.php *\/\n\t\t<\/style>\n\t\t<div id='gallery-1' class='gallery galleryid-44 gallery-columns-4 gallery-size-medium'><dl class='gallery-item'>\n\t\t\t<dt class='gallery-icon landscape'>\n\t\t\t\t<img loading=\"lazy\" decoding=\"async\" width=\"300\" height=\"225\" src=\"http:\/\/hogarnomadelfia.com.ar\/sitio\/wp-content\/uploads\/2015\/05\/03-calle-616-300x225.jpg\" class=\"attachment-medium size-medium\" alt=\"\" srcset=\"http:\/\/hogarnomadelfia.com.ar\/sitio\/wp-content\/uploads\/2015\/05\/03-calle-616-300x225.jpg 300w, http:\/\/hogarnomadelfia.com.ar\/sitio\/wp-content\/uploads\/2015\/05\/03-calle-616.jpg 500w\" sizes=\"auto, (max-width: 300px) 100vw, 300px\" \/>\n\t\t\t<\/dt><\/dl><dl class='gallery-item'>\n\t\t\t<dt class='gallery-icon landscape'>\n\t\t\t\t<img loading=\"lazy\" decoding=\"async\" width=\"300\" height=\"225\" src=\"http:\/\/hogarnomadelfia.com.ar\/sitio\/wp-content\/uploads\/2015\/05\/05-cocina-hogar-300x225.jpg\" class=\"attachment-medium size-medium\" alt=\"\" srcset=\"http:\/\/hogarnomadelfia.com.ar\/sitio\/wp-content\/uploads\/2015\/05\/05-cocina-hogar-300x225.jpg 300w, http:\/\/hogarnomadelfia.com.ar\/sitio\/wp-content\/uploads\/2015\/05\/05-cocina-hogar.jpg 500w\" sizes=\"auto, (max-width: 300px) 100vw, 300px\" \/>\n\t\t\t<\/dt><\/dl><dl class='gallery-item'>\n\t\t\t<dt class='gallery-icon landscape'>\n\t\t\t\t<img loading=\"lazy\" decoding=\"async\" width=\"300\" height=\"225\" src=\"http:\/\/hogarnomadelfia.com.ar\/sitio\/wp-content\/uploads\/2015\/05\/04-calle-514-300x225.jpg\" class=\"attachment-medium size-medium\" alt=\"\" srcset=\"http:\/\/hogarnomadelfia.com.ar\/sitio\/wp-content\/uploads\/2015\/05\/04-calle-514-300x225.jpg 300w, http:\/\/hogarnomadelfia.com.ar\/sitio\/wp-content\/uploads\/2015\/05\/04-calle-514.jpg 500w\" sizes=\"auto, (max-width: 300px) 100vw, 300px\" \/>\n\t\t\t<\/dt><\/dl><dl class='gallery-item'>\n\t\t\t<dt class='gallery-icon landscape'>\n\t\t\t\t<img loading=\"lazy\" decoding=\"async\" width=\"300\" height=\"225\" src=\"http:\/\/hogarnomadelfia.com.ar\/sitio\/wp-content\/uploads\/2015\/05\/06-sum-300x225.jpg\" class=\"attachment-medium size-medium\" alt=\"\" srcset=\"http:\/\/hogarnomadelfia.com.ar\/sitio\/wp-content\/uploads\/2015\/05\/06-sum-300x225.jpg 300w, http:\/\/hogarnomadelfia.com.ar\/sitio\/wp-content\/uploads\/2015\/05\/06-sum.jpg 500w\" sizes=\"auto, (max-width: 300px) 100vw, 300px\" \/>\n\t\t\t<\/dt><\/dl><br style=\"clear: both\" \/><dl class='gallery-item'>\n\t\t\t<dt class='gallery-icon landscape'>\n\t\t\t\t<img loading=\"lazy\" decoding=\"async\" width=\"300\" height=\"225\" src=\"http:\/\/hogarnomadelfia.com.ar\/sitio\/wp-content\/uploads\/2015\/05\/07-lavadero-300x225.jpg\" class=\"attachment-medium size-medium\" alt=\"\" srcset=\"http:\/\/hogarnomadelfia.com.ar\/sitio\/wp-content\/uploads\/2015\/05\/07-lavadero-300x225.jpg 300w, http:\/\/hogarnomadelfia.com.ar\/sitio\/wp-content\/uploads\/2015\/05\/07-lavadero.jpg 500w\" sizes=\"auto, (max-width: 300px) 100vw, 300px\" \/>\n\t\t\t<\/dt><\/dl><dl class='gallery-item'>\n\t\t\t<dt class='gallery-icon landscape'>\n\t\t\t\t<img loading=\"lazy\" decoding=\"async\" width=\"300\" height=\"215\" src=\"http:\/\/hogarnomadelfia.com.ar\/sitio\/wp-content\/uploads\/2015\/05\/08-sala-de-espera-300x215.jpg\" class=\"attachment-medium size-medium\" alt=\"\" srcset=\"http:\/\/hogarnomadelfia.com.ar\/sitio\/wp-content\/uploads\/2015\/05\/08-sala-de-espera-300x215.jpg 300w, http:\/\/hogarnomadelfia.com.ar\/sitio\/wp-content\/uploads\/2015\/05\/08-sala-de-espera-474x342.jpg 474w, http:\/\/hogarnomadelfia.com.ar\/sitio\/wp-content\/uploads\/2015\/05\/08-sala-de-espera.jpg 500w\" sizes=\"auto, (max-width: 300px) 100vw, 300px\" \/>\n\t\t\t<\/dt><\/dl><dl class='gallery-item'>\n\t\t\t<dt class='gallery-icon landscape'>\n\t\t\t\t<img loading=\"lazy\" decoding=\"async\" width=\"300\" height=\"225\" src=\"http:\/\/hogarnomadelfia.com.ar\/sitio\/wp-content\/uploads\/2015\/05\/09-sala-de-vinculaci\u00f3n-300x225.jpg\" class=\"attachment-medium size-medium\" alt=\"\" srcset=\"http:\/\/hogarnomadelfia.com.ar\/sitio\/wp-content\/uploads\/2015\/05\/09-sala-de-vinculaci\u00f3n-300x225.jpg 300w, http:\/\/hogarnomadelfia.com.ar\/sitio\/wp-content\/uploads\/2015\/05\/09-sala-de-vinculaci\u00f3n.jpg 500w\" sizes=\"auto, (max-width: 300px) 100vw, 300px\" \/>\n\t\t\t<\/dt><\/dl><dl class='gallery-item'>\n\t\t\t<dt class='gallery-icon landscape'>\n\t\t\t\t<img loading=\"lazy\" decoding=\"async\" width=\"300\" height=\"225\" src=\"http:\/\/hogarnomadelfia.com.ar\/sitio\/wp-content\/uploads\/2015\/05\/10-sala-de-vinc-300x225.jpg\" class=\"attachment-medium size-medium\" alt=\"\" srcset=\"http:\/\/hogarnomadelfia.com.ar\/sitio\/wp-content\/uploads\/2015\/05\/10-sala-de-vinc-300x225.jpg 300w, http:\/\/hogarnomadelfia.com.ar\/sitio\/wp-content\/uploads\/2015\/05\/10-sala-de-vinc.jpg 500w\" sizes=\"auto, (max-width: 300px) 100vw, 300px\" \/>\n\t\t\t<\/dt><\/dl><br style=\"clear: both\" \/><dl class='gallery-item'>\n\t\t\t<dt class='gallery-icon landscape'>\n\t\t\t\t<img loading=\"lazy\" decoding=\"async\" width=\"300\" height=\"225\" src=\"http:\/\/hogarnomadelfia.com.ar\/sitio\/wp-content\/uploads\/2015\/05\/11-sala-de-vinc-300x225.jpg\" class=\"attachment-medium size-medium\" alt=\"\" srcset=\"http:\/\/hogarnomadelfia.com.ar\/sitio\/wp-content\/uploads\/2015\/05\/11-sala-de-vinc-300x225.jpg 300w, http:\/\/hogarnomadelfia.com.ar\/sitio\/wp-content\/uploads\/2015\/05\/11-sala-de-vinc.jpg 500w\" sizes=\"auto, (max-width: 300px) 100vw, 300px\" \/>\n\t\t\t<\/dt><\/dl><dl class='gallery-item'>\n\t\t\t<dt class='gallery-icon landscape'>\n\t\t\t\t<img loading=\"lazy\" decoding=\"async\" width=\"300\" height=\"225\" src=\"http:\/\/hogarnomadelfia.com.ar\/sitio\/wp-content\/uploads\/2015\/05\/15-direccion-300x225.jpg\" class=\"attachment-medium size-medium\" alt=\"\" srcset=\"http:\/\/hogarnomadelfia.com.ar\/sitio\/wp-content\/uploads\/2015\/05\/15-direccion-300x225.jpg 300w, http:\/\/hogarnomadelfia.com.ar\/sitio\/wp-content\/uploads\/2015\/05\/15-direccion.jpg 500w\" sizes=\"auto, (max-width: 300px) 100vw, 300px\" \/>\n\t\t\t<\/dt><\/dl><dl class='gallery-item'>\n\t\t\t<dt class='gallery-icon landscape'>\n\t\t\t\t<img loading=\"lazy\" decoding=\"async\" width=\"300\" height=\"225\" src=\"http:\/\/hogarnomadelfia.com.ar\/sitio\/wp-content\/uploads\/2015\/05\/16-direccion-300x225.jpg\" class=\"attachment-medium size-medium\" alt=\"\" srcset=\"http:\/\/hogarnomadelfia.com.ar\/sitio\/wp-content\/uploads\/2015\/05\/16-direccion-300x225.jpg 300w, http:\/\/hogarnomadelfia.com.ar\/sitio\/wp-content\/uploads\/2015\/05\/16-direccion.jpg 500w\" sizes=\"auto, (max-width: 300px) 100vw, 300px\" \/>\n\t\t\t<\/dt><\/dl><dl class='gallery-item'>\n\t\t\t<dt class='gallery-icon landscape'>\n\t\t\t\t<img loading=\"lazy\" decoding=\"async\" width=\"300\" height=\"225\" src=\"http:\/\/hogarnomadelfia.com.ar\/sitio\/wp-content\/uploads\/2015\/05\/17-biblioteca-300x225.jpg\" class=\"attachment-medium size-medium\" alt=\"\" srcset=\"http:\/\/hogarnomadelfia.com.ar\/sitio\/wp-content\/uploads\/2015\/05\/17-biblioteca-300x225.jpg 300w, http:\/\/hogarnomadelfia.com.ar\/sitio\/wp-content\/uploads\/2015\/05\/17-biblioteca.jpg 500w\" sizes=\"auto, (max-width: 300px) 100vw, 300px\" \/>\n\t\t\t<\/dt><\/dl><br style=\"clear: both\" \/><dl class='gallery-item'>\n\t\t\t<dt class='gallery-icon landscape'>\n\t\t\t\t<img loading=\"lazy\" decoding=\"async\" width=\"300\" height=\"225\" src=\"http:\/\/hogarnomadelfia.com.ar\/sitio\/wp-content\/uploads\/2015\/05\/18-biblioteca-300x225.jpg\" class=\"attachment-medium size-medium\" alt=\"\" srcset=\"http:\/\/hogarnomadelfia.com.ar\/sitio\/wp-content\/uploads\/2015\/05\/18-biblioteca-300x225.jpg 300w, http:\/\/hogarnomadelfia.com.ar\/sitio\/wp-content\/uploads\/2015\/05\/18-biblioteca.jpg 500w\" sizes=\"auto, (max-width: 300px) 100vw, 300px\" \/>\n\t\t\t<\/dt><\/dl><dl class='gallery-item'>\n\t\t\t<dt class='gallery-icon landscape'>\n\t\t\t\t<img loading=\"lazy\" decoding=\"async\" width=\"300\" height=\"225\" src=\"http:\/\/hogarnomadelfia.com.ar\/sitio\/wp-content\/uploads\/2015\/05\/nuevo-render-cocina-de-noche-300x225.jpg\" class=\"attachment-medium size-medium\" alt=\"\" srcset=\"http:\/\/hogarnomadelfia.com.ar\/sitio\/wp-content\/uploads\/2015\/05\/nuevo-render-cocina-de-noche-300x225.jpg 300w, http:\/\/hogarnomadelfia.com.ar\/sitio\/wp-content\/uploads\/2015\/05\/nuevo-render-cocina-de-noche.jpg 500w\" sizes=\"auto, (max-width: 300px) 100vw, 300px\" \/>\n\t\t\t<\/dt><\/dl><dl class='gallery-item'>\n\t\t\t<dt class='gallery-icon landscape'>\n\t\t\t\t<img loading=\"lazy\" decoding=\"async\" width=\"300\" height=\"225\" src=\"http:\/\/hogarnomadelfia.com.ar\/sitio\/wp-content\/uploads\/2015\/05\/ren2-300x225.jpg\" class=\"attachment-medium size-medium\" alt=\"\" srcset=\"http:\/\/hogarnomadelfia.com.ar\/sitio\/wp-content\/uploads\/2015\/05\/ren2-300x225.jpg 300w, http:\/\/hogarnomadelfia.com.ar\/sitio\/wp-content\/uploads\/2015\/05\/ren2.jpg 500w\" sizes=\"auto, (max-width: 300px) 100vw, 300px\" \/>\n\t\t\t<\/dt><\/dl><dl class='gallery-item'>\n\t\t\t<dt class='gallery-icon landscape'>\n\t\t\t\t<img loading=\"lazy\" decoding=\"async\" width=\"300\" height=\"225\" src=\"http:\/\/hogarnomadelfia.com.ar\/sitio\/wp-content\/uploads\/2015\/05\/suum-300x225.jpg\" class=\"attachment-medium size-medium\" alt=\"\" srcset=\"http:\/\/hogarnomadelfia.com.ar\/sitio\/wp-content\/uploads\/2015\/05\/suum-300x225.jpg 300w, http:\/\/hogarnomadelfia.com.ar\/sitio\/wp-content\/uploads\/2015\/05\/suum.jpg 500w\" sizes=\"auto, (max-width: 300px) 100vw, 300px\" \/>\n\t\t\t<\/dt><\/dl><br style=\"clear: both\" \/>\n\t\t<\/div>\n\n","protected":false},"excerpt":{"rendered":"<p>Presentamos a continuaci\u00f3n los proyectos del Hogar: Cierre perimetral: \u00a0El hogar tiene el cierre perimetral en tejido de alambre, por cuestiones de seguridad e intimidad se est\u00e1 planificando el cierre realizando el cerco de placas de hormig\u00f3n. Reparaci\u00f3n techos donde&hellip; <\/p>\n","protected":false},"author":2,"featured_media":0,"parent":0,"menu_order":0,"comment_status":"closed","ping_status":"closed","template":"","meta":{"footnotes":""},"class_list":["post-44","page","type-page","status-publish","hentry"],"aioseo_notices":[],"_links":{"self":[{"href":"http:\/\/hogarnomadelfia.com.ar\/sitio\/wp-json\/wp\/v2\/pages\/44","targetHints":{"allow":["GET"]}}],"collection":[{"href":"http:\/\/hogarnomadelfia.com.ar\/sitio\/wp-json\/wp\/v2\/pages"}],"about":[{"href":"http:\/\/hogarnomadelfia.com.ar\/sitio\/wp-json\/wp\/v2\/types\/page"}],"author":[{"embeddable":true,"href":"http:\/\/hogarnomadelfia.com.ar\/sitio\/wp-json\/wp\/v2\/users\/2"}],"replies":[{"embeddable":true,"href":"http:\/\/hogarnomadelfia.com.ar\/sitio\/wp-json\/wp\/v2\/comments?post=44"}],"version-history":[{"count":22,"href":"http:\/\/hogarnomadelfia.com.ar\/sitio\/wp-json\/wp\/v2\/pages\/44\/revisions"}],"predecessor-version":[{"id":375,"href":"http:\/\/hogarnomadelfia.com.ar\/sitio\/wp-json\/wp\/v2\/pages\/44\/revisions\/375"}],"wp:attachment":[{"href":"http:\/\/hogarnomadelfia.com.ar\/sitio\/wp-json\/wp\/v2\/media?parent=44"}],"curies":[{"name":"wp","href":"https:\/\/api.w.org\/{rel}","templated":true}]}}