{"id":25,"date":"2015-05-01T21:35:44","date_gmt":"2015-05-01T21:35:44","guid":{"rendered":"http:\/\/hogarnomadelfia.com.ar\/sitio\/?page_id=25"},"modified":"2015-07-09T00:36:16","modified_gmt":"2015-07-09T00:36:16","slug":"asociacion-civil-hogal-nomadelfia","status":"publish","type":"page","link":"http:\/\/hogarnomadelfia.com.ar\/sitio\/asociacion-civil-hogal-nomadelfia\/","title":{"rendered":"Asociaci\u00f3n Civil Hogar Nomadelfia"},"content":{"rendered":"<p>La Asociaci\u00f3n Civil Hogar Nomadelfia es un <em><strong>Hogar Convivencial dedicado al cuidado de menores de ambos sexos<\/strong><\/em>. Se ocupa de la vida f\u00edsica, intelectual (escuela primaria y secundaria) y espiritual en un marco de cari\u00f1o familiar.<\/p>\n<p><img loading=\"lazy\" decoding=\"async\" class=\"aligncenter wp-image-12 \" src=\"http:\/\/hogarnomadelfia.com.ar\/sitio\/wp-content\/uploads\/2015\/05\/Frente-Hogar-Nomadelfia-1024x682.jpg\" alt=\"Frente Hogar Nomadelfia\" width=\"521\" height=\"347\" srcset=\"http:\/\/hogarnomadelfia.com.ar\/sitio\/wp-content\/uploads\/2015\/05\/Frente-Hogar-Nomadelfia-1024x682.jpg 1024w, http:\/\/hogarnomadelfia.com.ar\/sitio\/wp-content\/uploads\/2015\/05\/Frente-Hogar-Nomadelfia-300x200.jpg 300w, http:\/\/hogarnomadelfia.com.ar\/sitio\/wp-content\/uploads\/2015\/05\/Frente-Hogar-Nomadelfia-450x300.jpg 450w, http:\/\/hogarnomadelfia.com.ar\/sitio\/wp-content\/uploads\/2015\/05\/Frente-Hogar-Nomadelfia.jpg 1123w\" sizes=\"auto, (max-width: 521px) 100vw, 521px\" \/><\/p>\n","protected":false},"excerpt":{"rendered":"<p>La Asociaci\u00f3n Civil Hogar Nomadelfia es un Hogar Convivencial dedicado al cuidado de menores de ambos sexos. Se ocupa de la vida f\u00edsica, intelectual (escuela primaria y secundaria) y espiritual en un marco de cari\u00f1o familiar.<\/p>\n","protected":false},"author":2,"featured_media":0,"parent":0,"menu_order":0,"comment_status":"closed","ping_status":"closed","template":"","meta":{"footnotes":""},"class_list":["post-25","page","type-page","status-publish","hentry"],"aioseo_notices":[],"_links":{"self":[{"href":"http:\/\/hogarnomadelfia.com.ar\/sitio\/wp-json\/wp\/v2\/pages\/25","targetHints":{"allow":["GET"]}}],"collection":[{"href":"http:\/\/hogarnomadelfia.com.ar\/sitio\/wp-json\/wp\/v2\/pages"}],"about":[{"href":"http:\/\/hogarnomadelfia.com.ar\/sitio\/wp-json\/wp\/v2\/types\/page"}],"author":[{"embeddable":true,"href":"http:\/\/hogarnomadelfia.com.ar\/sitio\/wp-json\/wp\/v2\/users\/2"}],"replies":[{"embeddable":true,"href":"http:\/\/hogarnomadelfia.com.ar\/sitio\/wp-json\/wp\/v2\/comments?post=25"}],"version-history":[{"count":3,"href":"http:\/\/hogarnomadelfia.com.ar\/sitio\/wp-json\/wp\/v2\/pages\/25\/revisions"}],"predecessor-version":[{"id":293,"href":"http:\/\/hogarnomadelfia.com.ar\/sitio\/wp-json\/wp\/v2\/pages\/25\/revisions\/293"}],"wp:attachment":[{"href":"http:\/\/hogarnomadelfia.com.ar\/sitio\/wp-json\/wp\/v2\/media?parent=25"}],"curies":[{"name":"wp","href":"https:\/\/api.w.org\/{rel}","templated":true}]}}